{"id":386,"date":"2024-07-16T17:22:03","date_gmt":"2024-07-16T15:22:03","guid":{"rendered":"http:\/\/cuisinepdb.fr\/maya-page-site-settings\/"},"modified":"2026-04-05T13:25:23","modified_gmt":"2026-04-05T11:25:23","slug":"maya-page-site-settings","status":"publish","type":"page","link":"http:\/\/cuisinepdb.fr\/","title":{"rendered":"CUISINE PDB"},"content":{"rendered":"<p><a href=\"#scroll-down\"><\/p>\n<p><\/a><\/p>\n<p>RESTAURATION COLLECTIVE<\/p>\n<p><a href=\"#contact\">CONTACTEZ NOUS<\/a><a href=\"#menu-semaine\">MENU DE LA SEMAINE<\/a><\/p>\n<p>A PROPOS<br \/>\nCUISINE DUPAYS DE BITCHE<\/p>\n<p><img decoding=\"async\" src=\"http:\/\/cuisinepdb.fr\/wp-content\/uploads\/2024\/07\/1c.PARENARIAT-MOF-ET-BOCUSE-DOR-FRANCE-2017-scaled.jpg\" \/><br \/>\n\t\t\t\tCHARTE QUALITE<br \/>\nLa CPDB, sp\u00e9cialiste local en restauration collective, s\u2019engage avec toute son \u00e9quipe de professionnels habitant le Pays de Bitche qui compose sa structure \u00e0 vous apporter tout son dynamisme et son savoir-faire afin de vous offrir une restauration de qualit\u00e9. Nous souhaitons r\u00e9pondre aux diff\u00e9rents crit\u00e8res n\u00e9cessaires \u00e0 la satisfaction de toutes les cat\u00e9gories de convives.<br \/>\nPar une prestation constante et soign\u00e9e, des menus vari\u00e9s, une gamme de plats adapt\u00e9s aux besoins diff\u00e9renci\u00e9s permettant une prestation personnalis\u00e9e tenant compte des habitudes r\u00e9gionales.<\/p>\n<p>La CPDB a le souci de mettre en place pour les repas, une restauration r\u00e9gionale de go\u00fbt, o\u00f9 une large consommation de produits de qualit\u00e9 trouve sa place autour d\u2019une cuisine pr\u00e9par\u00e9e par des chefs exp\u00e9riment\u00e9s en retrouvant le \u00ab fait maison \u00bb.<\/p>\n<p>La CPDB confirme sa volont\u00e9 d\u2019introduire des produits issus de la fili\u00e8re en privil\u00e9giant les fournisseurs locaux.<\/p>\n<p>LES ELEMENTS CLES<\/p>\n<p>Entreprise locale<br \/>\n\tSon \u00e9quipe, la disponibilit\u00e9<br \/>\n\tLa proximit\u00e9, la r\u00e9activit\u00e9<br \/>\n\tL\u2019\u00e9coute, la rigueur<br \/>\n\tLa qualit\u00e9 des mati\u00e8res premi\u00e8res, le go\u00fbt<br \/>\n\tL\u2019\u00e9quilibre alimentaire<br \/>\n\tL\u2019utilisation de produits frais<br \/>\n\tLe respect des d\u00e9marches qualit\u00e9 et des normes d&rsquo;hygi\u00e8ne<\/p>\n<p>La d\u00e9marche d\u00e9veloppement durable<br \/>\nElle s&rsquo;articule autour de 6 axes forts :<\/p>\n<p>Contribuer au bien-\u00eatre et la sant\u00e9 de nos convives en proposant des menus \u00e9quilibr\u00e9s bas\u00e9s sur des produits frais, de saison de notre belle r\u00e9gion et en valorisant les produits du terroir.<br \/>\n\tD\u00e9velopper une relation de confiance, humaine et attentive aux besoins et attentes de nos clients, des collaborateurs et des convives des collectivit\u00e9s et de leurs parties prenantes afin de s\u2019adapter en permanence aux attentes<br \/>\n\tAccompagner l\u2019\u00e9volution des comp\u00e9tences de nos collaborateurs, et s\u2019attacher \u00e0 contribuer \u00e0 leur qualit\u00e9 de vie au travail et d\u00e9velopper notre sph\u00e8re d\u2019influence.<br \/>\n\tContribuer au d\u00e9veloppement \u00e9conomique de notre r\u00e9gion, avec le d\u00e9ploiement d\u2019une politique d\u2019achats responsables en s\u2019approvisionnant en local, en privil\u00e9giant les circuits courts, en contribuant \u00e0 l\u2019\u00e9conomie circulaire et en d\u00e9veloppant notre ind\u00e9pendance financi\u00e8re.<br \/>\n\tMa\u00eetriser nos impacts environnementaux sur les consommations d\u2019eau, d\u2019\u00e9nergie, la gestion rigoureuse de nos d\u00e9chets , les transports\u2026.. Tant au niveau de nos activit\u00e9s que des infrastructures dont on a la gestion.<br \/>\n\tContribuer au d\u00e9veloppement et au maintient de la biodiversit\u00e9 de notre r\u00e9gion, en favorisant les producteurs locaux de fruits et l\u00e9gumes.<\/p>\n<p>Pourquoi nous<br \/>\nChoisir ?<\/p>\n<p>Une entreprise r\u00e9gionale et ind\u00e9pendante.<br \/>\n\tDes collaborateurs investis dans leur mission et \u00e0 votre \u00e9coute.<br \/>\n\tLa mise \u00e0 disposition des services supports pour votre restaurant.<br \/>\n\tUne d\u00e9marche de d\u00e9veloppement durable privil\u00e9giant les approvisionnements locaux, et les circuits courts.<br \/>\n\tDes menus \u00e9tablis par votre chef sur mesure.<br \/>\n\tDes fournisseurs issus de la r\u00e9gion et des produits locaux adapt\u00e9s \u00e0 vos attentes.<br \/>\n\tUn partenariat sur le long terme, avec le respect des engagements.<br \/>\n\tUne d\u00e9cision de proximit\u00e9, une pr\u00e9sence r\u00e9guli\u00e8re des dirigeant<\/p>\n<p>NOS CONCEPTS<br \/>\nCUISINE DU PAYS DE BITCHE<\/p>\n<p><img decoding=\"async\" src=\"http:\/\/cuisinepdb.fr\/wp-content\/uploads\/2024\/07\/planning.jpg\" \/><\/p>\n<p>Menu de la semaine<br \/>\nCUISINE DU PAYS DE BITCHE<\/p>\n<p><img decoding=\"async\" src=\"http:\/\/cuisinepdb.fr\/wp-content\/uploads\/2026\/04\/Semaine-15-orange.jpg-scaled.jpeg\" \/>\t\t\t\t\t\t\t\t<\/p>\n<p>MENU DU MOIS<br \/>\nCUISINE DU PAYS DE BITCHE<\/p>\n<p><img decoding=\"async\" src=\"http:\/\/cuisinepdb.fr\/wp-content\/uploads\/2026\/03\/Avril-x2-2026.jpg-1-scaled.jpeg\" \/>\t\t\t\t\t\t\t\t<\/p>\n<p>REGLEMENTATIONS<br \/>\nCUISINE DU PAYS DE BITCHE<\/p>\n<p><img decoding=\"async\" src=\"http:\/\/cuisinepdb.fr\/wp-content\/uploads\/2024\/07\/TRAITEUR.jpeg\" \/><\/p>\n<p>RECOMMANDATION<br \/>\nNUTRITION<\/p>\n<p><img decoding=\"async\" src=\"http:\/\/cuisinepdb.fr\/wp-content\/uploads\/2024\/07\/logo-ministere.jpg\" \/><\/p>\n<p>GROUPE D\u2019ETUDE DES MARCHES DE RESTAURATION COLLECTIVE ET NUTR ITION<br \/>\nGEM-RCN<br \/>\nVersion 2.0 \u2013 JUILLET 2015<\/p>\n<p><a href=\"http:\/\/www.cuisinepdb.fr\/liens\/nutrition.pdf\" target=\"_blank\">T\u00e9l\u00e9charger la plaquette compl\u00e8te<\/a><\/p>\n<p>LA LOI EGALIM<br \/>\nET SES OBJECTIFS<\/p>\n<p>Mieux r\u00e9mun\u00e9rer les producteurs<br \/>\n\tMieux encadrer les promotions et ventes \u00e0 perte<br \/>\n\tMieux renforcer la protection des animaux<br \/>\n\tMieux g\u00e9rer les plastiques<br \/>\n\tMieux Manger<br \/>\n\tMieux g\u00e9rer le gaspillage<br \/>\n\tMieux pr\u00e9server l\u2019environnement<br \/>\n\tDes produits de qualit\u00e9 dans les assiettes<br \/>\n\tDiversifier les prot\u00e9ines<br \/>\n\tLe menu v\u00e9g\u00e9tarien enfin \u00e0 la carte<br \/>\n\tProportion des produits de qualit\u00e9<br \/>\n\tAffichage et composition des menus<br \/>\n\tBienvenue au \u00a0\u00bb fait maison \u00ab\u00a0<br \/>\n\tLa consultation des usagers<br \/>\n\tLutter contre le gaspillage alimentaire<\/p>\n<p><a href=\"http:\/\/www.cuisinepdb.fr\/liens\/egalim.pdf\" target=\"_blank\">T\u00e9l\u00e9charger la plaquette compl\u00e8te<\/a><\/p>\n<p>PROGRAMME NATIONAL<br \/>\nNUTRITION SANT\u00c9<\/p>\n<p><img decoding=\"async\" src=\"http:\/\/cuisinepdb.fr\/wp-content\/uploads\/2024\/07\/programme-sante.jpg\" \/><\/p>\n<p><a href=\"http:\/\/www.cuisinepdb.fr\/liens\/programme-nutrition.pdf\" target=\"_blank\">T\u00e9l\u00e9charger la plaquette compl\u00e8te<\/a><\/p>\n<p>ON PARLE DE NOUS<br \/>\nCUISINE DU PAYS DE BITCHE<br \/>\nAllARTICLES DE PRESSEVIDEOS\t\t\t\t<\/p>\n<p><a href=\"\"><\/p>\n<p><img decoding=\"async\" src=\"http:\/\/cuisinepdb.fr\/wp-content\/uploads\/2024\/07\/rl7octobre.jpg\" \/><\/p>\n<p>ARTICLE RL<br \/>\n7 OCTOBRE 2018<\/p>\n<p><\/a><br \/>\n\t\t\t\t\t\tARTICLE RL<\/p>\n<p><a href=\"\"><\/p>\n<p><img decoding=\"async\" src=\"http:\/\/cuisinepdb.fr\/wp-content\/uploads\/2024\/07\/citadelle.jpg\" \/><\/p>\n<p>YouTube Video<\/p>\n<p><\/a><br \/>\n\t\t\t\t\t\tYouTube Video<\/p>\n<p><a href=\"\"><\/p>\n<p><img decoding=\"async\" src=\"http:\/\/cuisinepdb.fr\/wp-content\/uploads\/2024\/07\/article2rl.jpg\" \/><\/p>\n<p>ARTICLE RL<\/p>\n<p><\/a><br \/>\n\t\t\t\t\t\tARTICLE RL<\/p>\n<p><a href=\"\"><\/p>\n<p><img decoding=\"async\" src=\"http:\/\/cuisinepdb.fr\/wp-content\/uploads\/2024\/07\/video-otto.jpg\" \/><\/p>\n<p>YouTube Video<\/p>\n<p><\/a><br \/>\n\t\t\t\t\t\tYouTube Video<\/p>\n<p>ARTICLE PRESSE<\/p>\n<p><img decoding=\"async\" src=\"http:\/\/cuisinepdb.fr\/wp-content\/uploads\/2024\/07\/ecolier2.jpg\" \/><\/p>\n<p><a href=\"\"><\/p>\n<p><img decoding=\"async\" src=\"http:\/\/cuisinepdb.fr\/wp-content\/uploads\/2024\/07\/BIO1.jpg\" \/><\/p>\n<p>ARTICLE RL<\/p>\n<p><\/a><br \/>\n\t\t\t\t\t\tARTICLE RL<\/p>\n<p><a href=\"\"><\/p>\n<p><img decoding=\"async\" src=\"http:\/\/cuisinepdb.fr\/wp-content\/uploads\/2024\/07\/FLUX1.jpg\" \/><\/p>\n<p>ARTICLE RL<\/p>\n<p><\/a><br \/>\n\t\t\t\t\t\tARTICLE RL<\/p>\n<p>NOUS CONTACTER<br \/>\nCUISINE DU PAYS DE BITCHE<\/p>\n<p>Tel.: 03 72 29 09 82<\/p>\n<p>5 RUE STE BARBE<br \/>\n57230 Bitche<\/p>\n<p><a href=\"mailto:contact@cuisinepdb.fr\">contact@cuisinepdb.fr<\/a><br \/>\n<a href=\"http:\/\/www.cuisinepdb.fr\">www.cuisinepdb.fr<\/a><\/p>\n<p><a href=\"https:\/\/www.facebook.com\/people\/Cuisine-Pdb\/61557438585639\/\" target=\"_blank\"><\/a><\/p>\n<p><a href=\"#\">Localisation<\/a><\/p>\n","protected":false},"excerpt":{"rendered":"<p class=\"excerpt\">RESTAURATION COLLECTIVE CONTACTEZ NOUSMENU DE LA SEMAINE A PROPOS CUISINE DUPAYS DE BITCHE CHARTE QUALITE La CPDB, sp\u00e9cialiste local en restauration collective, s\u2019engage avec toute son \u00e9quipe de professionnels habitant le Pays de Bitche qui compose sa structure \u00e0 vous apporter tout son dynamisme et son savoir-faire afin de vous offrir une restauration de qualit\u00e9. [&hellip;]<\/p>\n","protected":false},"author":1,"featured_media":0,"parent":0,"menu_order":0,"comment_status":"closed","ping_status":"closed","template":"builder.php","meta":{"footnotes":""},"class_list":["post-386","page","type-page","status-publish","hentry"],"_links":{"self":[{"href":"http:\/\/cuisinepdb.fr\/index.php?rest_route=\/wp\/v2\/pages\/386","targetHints":{"allow":["GET"]}}],"collection":[{"href":"http:\/\/cuisinepdb.fr\/index.php?rest_route=\/wp\/v2\/pages"}],"about":[{"href":"http:\/\/cuisinepdb.fr\/index.php?rest_route=\/wp\/v2\/types\/page"}],"author":[{"embeddable":true,"href":"http:\/\/cuisinepdb.fr\/index.php?rest_route=\/wp\/v2\/users\/1"}],"replies":[{"embeddable":true,"href":"http:\/\/cuisinepdb.fr\/index.php?rest_route=%2Fwp%2Fv2%2Fcomments&post=386"}],"version-history":[{"count":201,"href":"http:\/\/cuisinepdb.fr\/index.php?rest_route=\/wp\/v2\/pages\/386\/revisions"}],"predecessor-version":[{"id":977,"href":"http:\/\/cuisinepdb.fr\/index.php?rest_route=\/wp\/v2\/pages\/386\/revisions\/977"}],"wp:attachment":[{"href":"http:\/\/cuisinepdb.fr\/index.php?rest_route=%2Fwp%2Fv2%2Fmedia&parent=386"}],"curies":[{"name":"wp","href":"https:\/\/api.w.org\/{rel}","templated":true}]}}